{"id":212,"date":"2016-12-14T10:26:42","date_gmt":"2016-12-14T09:26:42","guid":{"rendered":"http:\/\/www.fmfc.sk\/?page_id=212\/"},"modified":"2016-12-14T10:26:42","modified_gmt":"2016-12-14T09:26:42","slug":"offer","status":"publish","type":"page","link":"https:\/\/fmfc.sk\/en\/offer\/","title":{"rendered":"Offer"},"content":{"rendered":"<div class=\"box-bg\" style=\"background: #CDD439 url(\/wp-content\/uploads\/bg-ponuka.jpg) left top no-repeat;\">\n<p>&nbsp;<\/p>\n<h1 class=\"big_h1\">\u2022 economy<br \/>\n\u2022 finance<br \/>\n\u2022\u00a0business plans<\/h1>\n<p>&nbsp;<\/p>\n<\/div>\n<h1>FOR COMPANIES AND SELF EMPLOYED<br \/>\nIN THE ECONOMIC FIELD:<\/h1>\n<div class=\"one-half\">\n<p>Preparation and evaluation of your company financial analysis (in chart, graphic and verbal format) using the indicators of financial standing, cost-effectiveness, liquidity, activities, turnover and company indebtedness.<\/p>\n<p>Evaluation of your company financing structure and proposition of more optimal solutions (loans, leasing, EU funding &#8230;).<br \/>\nAssessment of your current situation \u2013 company\u00b4s strengths and weaknesses examination (SWOT analysis).<\/p>\n<\/div>\n<div class=\"one-half last\">\n<p>Company business comparision with competing businesses in the same industry (through the medium values of the financial indicators under OKE\u010c classification).<br \/>\nBusiness plan preparation of your company (in chart, graphic and verbal format).<br \/>\nProposal of a corporate controlling in order to monitor the progress of parameters and values of different areas in your company as well as to define abberance and suggest solutions for achieving the values (sales, added value, profit, cost-effectiveness, liquidity, &#8230;).<br \/>\nAudit of your company existing insurance agreements and individual forms of assets, suggestion of more optimal insurance forms according to your requirements.<\/p>\n<\/div>\n<div class=\"clear\"><\/div>\n<div class=\"space60\"><\/div>\n<div class=\"box-bg\" style=\"background: #CDD439 url() left top no-repeat;\">\n<h1>LOANS:<\/h1>\n<div class=\"one-half\">\n<p>Bank loans advice and other banking available products.<br \/>\nAudit of existing loan agreements and suggestion of obtaining more advantageous conditions.<\/p>\n<\/div>\n<div class=\"one-half last\">\n<p>Complete processing of application forms and documents for bank loans, bank guarantees and other products from various banks.<br \/>\nAssistance and advice while negotiating with banks about loans in the presence of your company and FMF representative.<\/p>\n<\/div>\n<div class=\"clear\"><\/div>\n<\/div>\n<div class=\"one-half\">\n<h1>EURO FUNDING:<\/h1>\n<\/div>\n<div class=\"one-half last\">\n<p>Processing of necessary documents for obtaining NFP funds from various European funds &#8211; especially development of the business plan, the project description, financial analysis, monitoring reports during and after project implementation.<br \/>\nProposal of optimal structure funding from European funds \u2013 with the assistance of obtaining a favorable loan terms from various banks and processing of bank documents.<\/p>\n<\/div>\n<div class=\"clear\"><\/div>\n<p>&nbsp;<\/p>\n","protected":false},"excerpt":{"rendered":"<p>FOR COMPANIES AND SELF EMPLOYED IN THE ECONOMIC FIELD: &nbsp;<\/p>\n","protected":false},"author":2,"featured_media":0,"parent":0,"menu_order":0,"comment_status":"closed","ping_status":"closed","template":"","meta":{"footnotes":""},"class_list":["post-212","page","type-page","status-publish","hentry"],"yoast_head":"<!-- This site is optimized with the Yoast SEO plugin v23.5 - https:\/\/yoast.com\/wordpress\/plugins\/seo\/ -->\n<title>Offer - FMF Consulting<\/title>\n<meta name=\"robots\" content=\"index, follow, max-snippet:-1, max-image-preview:large, max-video-preview:-1\" \/>\n<link rel=\"canonical\" href=\"https:\/\/fmfc.sk\/en\/offer\/\" \/>\n<meta property=\"og:locale\" content=\"en_US\" \/>\n<meta property=\"og:type\" content=\"article\" \/>\n<meta property=\"og:title\" content=\"Offer - FMF Consulting\" \/>\n<meta property=\"og:description\" content=\"FOR COMPANIES AND SELF EMPLOYED IN THE ECONOMIC FIELD: &nbsp;\" \/>\n<meta property=\"og:url\" content=\"https:\/\/fmfc.sk\/en\/offer\/\" \/>\n<meta property=\"og:site_name\" content=\"FMF Consulting\" \/>\n<meta name=\"twitter:label1\" content=\"Est. reading time\" \/>\n\t<meta name=\"twitter:data1\" content=\"2 minutes\" \/>\n<script type=\"application\/ld+json\" class=\"yoast-schema-graph\">{\"@context\":\"https:\/\/schema.org\",\"@graph\":[{\"@type\":\"WebPage\",\"@id\":\"https:\/\/fmfc.sk\/en\/offer\/\",\"url\":\"https:\/\/fmfc.sk\/en\/offer\/\",\"name\":\"Offer - FMF Consulting\",\"isPartOf\":{\"@id\":\"https:\/\/fmfc.sk\/#website\"},\"datePublished\":\"2016-12-14T09:26:42+00:00\",\"dateModified\":\"2016-12-14T09:26:42+00:00\",\"breadcrumb\":{\"@id\":\"https:\/\/fmfc.sk\/en\/offer\/#breadcrumb\"},\"inLanguage\":\"en-US\",\"potentialAction\":[{\"@type\":\"ReadAction\",\"target\":[\"https:\/\/fmfc.sk\/en\/offer\/\"]}]},{\"@type\":\"BreadcrumbList\",\"@id\":\"https:\/\/fmfc.sk\/en\/offer\/#breadcrumb\",\"itemListElement\":[{\"@type\":\"ListItem\",\"position\":1,\"name\":\"Domovsk\u00e1 str\u00e1nka\",\"item\":\"https:\/\/fmfc.sk\/\"},{\"@type\":\"ListItem\",\"position\":2,\"name\":\"Offer\"}]},{\"@type\":\"WebSite\",\"@id\":\"https:\/\/fmfc.sk\/#website\",\"url\":\"https:\/\/fmfc.sk\/\",\"name\":\"FMF Consulting\",\"description\":\"ekonomika, financie, podnikate\u013esk\u00e9 pl\u00e1ny\",\"potentialAction\":[{\"@type\":\"SearchAction\",\"target\":{\"@type\":\"EntryPoint\",\"urlTemplate\":\"https:\/\/fmfc.sk\/?s={search_term_string}\"},\"query-input\":{\"@type\":\"PropertyValueSpecification\",\"valueRequired\":true,\"valueName\":\"search_term_string\"}}],\"inLanguage\":\"en-US\"}]}<\/script>\n<!-- \/ Yoast SEO plugin. -->","yoast_head_json":{"title":"Offer - FMF Consulting","robots":{"index":"index","follow":"follow","max-snippet":"max-snippet:-1","max-image-preview":"max-image-preview:large","max-video-preview":"max-video-preview:-1"},"canonical":"https:\/\/fmfc.sk\/en\/offer\/","og_locale":"en_US","og_type":"article","og_title":"Offer - FMF Consulting","og_description":"FOR COMPANIES AND SELF EMPLOYED IN THE ECONOMIC FIELD: &nbsp;","og_url":"https:\/\/fmfc.sk\/en\/offer\/","og_site_name":"FMF Consulting","twitter_misc":{"Est. reading time":"2 minutes"},"schema":{"@context":"https:\/\/schema.org","@graph":[{"@type":"WebPage","@id":"https:\/\/fmfc.sk\/en\/offer\/","url":"https:\/\/fmfc.sk\/en\/offer\/","name":"Offer - FMF Consulting","isPartOf":{"@id":"https:\/\/fmfc.sk\/#website"},"datePublished":"2016-12-14T09:26:42+00:00","dateModified":"2016-12-14T09:26:42+00:00","breadcrumb":{"@id":"https:\/\/fmfc.sk\/en\/offer\/#breadcrumb"},"inLanguage":"en-US","potentialAction":[{"@type":"ReadAction","target":["https:\/\/fmfc.sk\/en\/offer\/"]}]},{"@type":"BreadcrumbList","@id":"https:\/\/fmfc.sk\/en\/offer\/#breadcrumb","itemListElement":[{"@type":"ListItem","position":1,"name":"Domovsk\u00e1 str\u00e1nka","item":"https:\/\/fmfc.sk\/"},{"@type":"ListItem","position":2,"name":"Offer"}]},{"@type":"WebSite","@id":"https:\/\/fmfc.sk\/#website","url":"https:\/\/fmfc.sk\/","name":"FMF Consulting","description":"ekonomika, financie, podnikate\u013esk\u00e9 pl\u00e1ny","potentialAction":[{"@type":"SearchAction","target":{"@type":"EntryPoint","urlTemplate":"https:\/\/fmfc.sk\/?s={search_term_string}"},"query-input":{"@type":"PropertyValueSpecification","valueRequired":true,"valueName":"search_term_string"}}],"inLanguage":"en-US"}]}},"_links":{"self":[{"href":"https:\/\/fmfc.sk\/en\/wp-json\/wp\/v2\/pages\/212"}],"collection":[{"href":"https:\/\/fmfc.sk\/en\/wp-json\/wp\/v2\/pages"}],"about":[{"href":"https:\/\/fmfc.sk\/en\/wp-json\/wp\/v2\/types\/page"}],"author":[{"embeddable":true,"href":"https:\/\/fmfc.sk\/en\/wp-json\/wp\/v2\/users\/2"}],"replies":[{"embeddable":true,"href":"https:\/\/fmfc.sk\/en\/wp-json\/wp\/v2\/comments?post=212"}],"version-history":[{"count":2,"href":"https:\/\/fmfc.sk\/en\/wp-json\/wp\/v2\/pages\/212\/revisions"}],"predecessor-version":[{"id":214,"href":"https:\/\/fmfc.sk\/en\/wp-json\/wp\/v2\/pages\/212\/revisions\/214"}],"wp:attachment":[{"href":"https:\/\/fmfc.sk\/en\/wp-json\/wp\/v2\/media?parent=212"}],"curies":[{"name":"wp","href":"https:\/\/api.w.org\/{rel}","templated":true}]}}