{"id":217,"date":"2016-12-14T10:32:29","date_gmt":"2016-12-14T09:32:29","guid":{"rendered":"http:\/\/www.fmfc.sk\/?page_id=217\/"},"modified":"2016-12-14T12:16:17","modified_gmt":"2016-12-14T11:16:17","slug":"contact","status":"publish","type":"page","link":"https:\/\/fmfc.sk\/en\/contact\/","title":{"rendered":"Contact"},"content":{"rendered":"<p><strong>FIRM DOMICILE:<\/strong><\/p>\n<p><strong>FMF<\/strong> Consulting, s.r.o.<br \/>\nDru\u017estevn\u00e1 712\/2<br \/>\n962 12 Detva<\/p>\n<p>Tel.: +421 908 961 289<br \/>\nE-mail: fekiac@fmfc.sk<\/p>\n","protected":false},"excerpt":{"rendered":"<p>FIRM DOMICILE: FMF Consulting, s.r.o. Dru\u017estevn\u00e1 712\/2 962 12 Detva Tel.: +421 908 961 289 E-mail: fekiac@fmfc.sk<\/p>\n","protected":false},"author":2,"featured_media":0,"parent":0,"menu_order":2,"comment_status":"closed","ping_status":"closed","template":"","meta":{"footnotes":""},"class_list":["post-217","page","type-page","status-publish","hentry"],"yoast_head":"<!-- This site is optimized with the Yoast SEO plugin v23.5 - https:\/\/yoast.com\/wordpress\/plugins\/seo\/ -->\n<title>Contact - FMF Consulting<\/title>\n<meta name=\"robots\" content=\"index, follow, max-snippet:-1, max-image-preview:large, max-video-preview:-1\" \/>\n<link rel=\"canonical\" href=\"https:\/\/fmfc.sk\/en\/contact\/\" \/>\n<meta property=\"og:locale\" content=\"en_US\" \/>\n<meta property=\"og:type\" content=\"article\" \/>\n<meta property=\"og:title\" content=\"Contact - FMF Consulting\" \/>\n<meta property=\"og:description\" content=\"FIRM DOMICILE: FMF Consulting, s.r.o. Dru\u017estevn\u00e1 712\/2 962 12 Detva Tel.: +421 908 961 289 E-mail: fekiac@fmfc.sk\" \/>\n<meta property=\"og:url\" content=\"https:\/\/fmfc.sk\/en\/contact\/\" \/>\n<meta property=\"og:site_name\" content=\"FMF Consulting\" \/>\n<meta property=\"article:modified_time\" content=\"2016-12-14T11:16:17+00:00\" \/>\n<script type=\"application\/ld+json\" class=\"yoast-schema-graph\">{\"@context\":\"https:\/\/schema.org\",\"@graph\":[{\"@type\":\"WebPage\",\"@id\":\"https:\/\/fmfc.sk\/en\/contact\/\",\"url\":\"https:\/\/fmfc.sk\/en\/contact\/\",\"name\":\"Contact - FMF Consulting\",\"isPartOf\":{\"@id\":\"https:\/\/fmfc.sk\/#website\"},\"datePublished\":\"2016-12-14T09:32:29+00:00\",\"dateModified\":\"2016-12-14T11:16:17+00:00\",\"breadcrumb\":{\"@id\":\"https:\/\/fmfc.sk\/en\/contact\/#breadcrumb\"},\"inLanguage\":\"en-US\",\"potentialAction\":[{\"@type\":\"ReadAction\",\"target\":[\"https:\/\/fmfc.sk\/en\/contact\/\"]}]},{\"@type\":\"BreadcrumbList\",\"@id\":\"https:\/\/fmfc.sk\/en\/contact\/#breadcrumb\",\"itemListElement\":[{\"@type\":\"ListItem\",\"position\":1,\"name\":\"Domovsk\u00e1 str\u00e1nka\",\"item\":\"https:\/\/fmfc.sk\/\"},{\"@type\":\"ListItem\",\"position\":2,\"name\":\"Contact\"}]},{\"@type\":\"WebSite\",\"@id\":\"https:\/\/fmfc.sk\/#website\",\"url\":\"https:\/\/fmfc.sk\/\",\"name\":\"FMF Consulting\",\"description\":\"ekonomika, financie, podnikate\u013esk\u00e9 pl\u00e1ny\",\"potentialAction\":[{\"@type\":\"SearchAction\",\"target\":{\"@type\":\"EntryPoint\",\"urlTemplate\":\"https:\/\/fmfc.sk\/?s={search_term_string}\"},\"query-input\":{\"@type\":\"PropertyValueSpecification\",\"valueRequired\":true,\"valueName\":\"search_term_string\"}}],\"inLanguage\":\"en-US\"}]}<\/script>\n<!-- \/ Yoast SEO plugin. -->","yoast_head_json":{"title":"Contact - FMF Consulting","robots":{"index":"index","follow":"follow","max-snippet":"max-snippet:-1","max-image-preview":"max-image-preview:large","max-video-preview":"max-video-preview:-1"},"canonical":"https:\/\/fmfc.sk\/en\/contact\/","og_locale":"en_US","og_type":"article","og_title":"Contact - FMF Consulting","og_description":"FIRM DOMICILE: FMF Consulting, s.r.o. Dru\u017estevn\u00e1 712\/2 962 12 Detva Tel.: +421 908 961 289 E-mail: fekiac@fmfc.sk","og_url":"https:\/\/fmfc.sk\/en\/contact\/","og_site_name":"FMF Consulting","article_modified_time":"2016-12-14T11:16:17+00:00","schema":{"@context":"https:\/\/schema.org","@graph":[{"@type":"WebPage","@id":"https:\/\/fmfc.sk\/en\/contact\/","url":"https:\/\/fmfc.sk\/en\/contact\/","name":"Contact - FMF Consulting","isPartOf":{"@id":"https:\/\/fmfc.sk\/#website"},"datePublished":"2016-12-14T09:32:29+00:00","dateModified":"2016-12-14T11:16:17+00:00","breadcrumb":{"@id":"https:\/\/fmfc.sk\/en\/contact\/#breadcrumb"},"inLanguage":"en-US","potentialAction":[{"@type":"ReadAction","target":["https:\/\/fmfc.sk\/en\/contact\/"]}]},{"@type":"BreadcrumbList","@id":"https:\/\/fmfc.sk\/en\/contact\/#breadcrumb","itemListElement":[{"@type":"ListItem","position":1,"name":"Domovsk\u00e1 str\u00e1nka","item":"https:\/\/fmfc.sk\/"},{"@type":"ListItem","position":2,"name":"Contact"}]},{"@type":"WebSite","@id":"https:\/\/fmfc.sk\/#website","url":"https:\/\/fmfc.sk\/","name":"FMF Consulting","description":"ekonomika, financie, podnikate\u013esk\u00e9 pl\u00e1ny","potentialAction":[{"@type":"SearchAction","target":{"@type":"EntryPoint","urlTemplate":"https:\/\/fmfc.sk\/?s={search_term_string}"},"query-input":{"@type":"PropertyValueSpecification","valueRequired":true,"valueName":"search_term_string"}}],"inLanguage":"en-US"}]}},"_links":{"self":[{"href":"https:\/\/fmfc.sk\/en\/wp-json\/wp\/v2\/pages\/217"}],"collection":[{"href":"https:\/\/fmfc.sk\/en\/wp-json\/wp\/v2\/pages"}],"about":[{"href":"https:\/\/fmfc.sk\/en\/wp-json\/wp\/v2\/types\/page"}],"author":[{"embeddable":true,"href":"https:\/\/fmfc.sk\/en\/wp-json\/wp\/v2\/users\/2"}],"replies":[{"embeddable":true,"href":"https:\/\/fmfc.sk\/en\/wp-json\/wp\/v2\/comments?post=217"}],"version-history":[{"count":8,"href":"https:\/\/fmfc.sk\/en\/wp-json\/wp\/v2\/pages\/217\/revisions"}],"predecessor-version":[{"id":233,"href":"https:\/\/fmfc.sk\/en\/wp-json\/wp\/v2\/pages\/217\/revisions\/233"}],"wp:attachment":[{"href":"https:\/\/fmfc.sk\/en\/wp-json\/wp\/v2\/media?parent=217"}],"curies":[{"name":"wp","href":"https:\/\/api.w.org\/{rel}","templated":true}]}}