{"id":223,"date":"2016-12-14T10:46:54","date_gmt":"2016-12-14T09:46:54","guid":{"rendered":"http:\/\/www.fmfc.sk\/?page_id=223\/"},"modified":"2016-12-14T12:46:37","modified_gmt":"2016-12-14T11:46:37","slug":"kontakt","status":"publish","type":"page","link":"https:\/\/fmfc.sk\/ru\/kontakt\/","title":{"rendered":"\u041a\u041e\u041d\u0422\u0410\u041a\u0422"},"content":{"rendered":"<p><strong>\u042e\u0420\u0418\u0414\u0418\u0427\u0415\u0421\u041a\u0418\u0419 \u0410\u0414\u0420\u0415\u0421 \u041a\u041e\u041c\u041f\u0410\u041d\u0418\u0418:<\/strong><\/p>\n<p><strong>FMF<\/strong>\u00a0Consulting, s.r.o.<br \/>\nDru\u017estevn\u00e1 712\/2<br \/>\n962 12 Detva<\/p>\n<p>\u0422\u0435\u043b.: +421 908 961 289<br \/>\n\u042d\u043b. \u043f\u043e\u0447\u0442\u0430: fekiac@fmfc.sk<\/p>\n","protected":false},"excerpt":{"rendered":"<p>\u042e\u0420\u0418\u0414\u0418\u0427\u0415\u0421\u041a\u0418\u0419 \u0410\u0414\u0420\u0415\u0421 \u041a\u041e\u041c\u041f\u0410\u041d\u0418\u0418: FMF\u00a0Consulting, s.r.o. Dru\u017estevn\u00e1 712\/2 962 12 Detva \u0422\u0435\u043b.: +421 908 961 289 \u042d\u043b. \u043f\u043e\u0447\u0442\u0430: fekiac@fmfc.sk<\/p>\n","protected":false},"author":2,"featured_media":0,"parent":0,"menu_order":2,"comment_status":"closed","ping_status":"closed","template":"","meta":{"footnotes":""},"class_list":["post-223","page","type-page","status-publish","hentry"],"yoast_head":"<!-- This site is optimized with the Yoast SEO plugin v23.5 - https:\/\/yoast.com\/wordpress\/plugins\/seo\/ -->\n<title>\u041a\u041e\u041d\u0422\u0410\u041a\u0422 - FMF Consulting<\/title>\n<meta name=\"robots\" content=\"index, follow, max-snippet:-1, max-image-preview:large, max-video-preview:-1\" \/>\n<link rel=\"canonical\" href=\"https:\/\/fmfc.sk\/ru\/kontakt\/\" \/>\n<meta property=\"og:locale\" content=\"ru_RU\" \/>\n<meta property=\"og:type\" content=\"article\" \/>\n<meta property=\"og:title\" content=\"\u041a\u041e\u041d\u0422\u0410\u041a\u0422 - FMF Consulting\" \/>\n<meta property=\"og:description\" content=\"\u042e\u0420\u0418\u0414\u0418\u0427\u0415\u0421\u041a\u0418\u0419 \u0410\u0414\u0420\u0415\u0421 \u041a\u041e\u041c\u041f\u0410\u041d\u0418\u0418: FMF\u00a0Consulting, s.r.o. Dru\u017estevn\u00e1 712\/2 962 12 Detva \u0422\u0435\u043b.: +421 908 961 289 \u042d\u043b. \u043f\u043e\u0447\u0442\u0430: fekiac@fmfc.sk\" \/>\n<meta property=\"og:url\" content=\"https:\/\/fmfc.sk\/ru\/kontakt\/\" \/>\n<meta property=\"og:site_name\" content=\"FMF Consulting\" \/>\n<meta property=\"article:modified_time\" content=\"2016-12-14T11:46:37+00:00\" \/>\n<script type=\"application\/ld+json\" class=\"yoast-schema-graph\">{\"@context\":\"https:\/\/schema.org\",\"@graph\":[{\"@type\":\"WebPage\",\"@id\":\"https:\/\/fmfc.sk\/ru\/kontakt\/\",\"url\":\"https:\/\/fmfc.sk\/ru\/kontakt\/\",\"name\":\"\u041a\u041e\u041d\u0422\u0410\u041a\u0422 - FMF Consulting\",\"isPartOf\":{\"@id\":\"https:\/\/fmfc.sk\/#website\"},\"datePublished\":\"2016-12-14T09:46:54+00:00\",\"dateModified\":\"2016-12-14T11:46:37+00:00\",\"breadcrumb\":{\"@id\":\"https:\/\/fmfc.sk\/ru\/kontakt\/#breadcrumb\"},\"inLanguage\":\"ru-RU\",\"potentialAction\":[{\"@type\":\"ReadAction\",\"target\":[\"https:\/\/fmfc.sk\/ru\/kontakt\/\"]}]},{\"@type\":\"BreadcrumbList\",\"@id\":\"https:\/\/fmfc.sk\/ru\/kontakt\/#breadcrumb\",\"itemListElement\":[{\"@type\":\"ListItem\",\"position\":1,\"name\":\"Domovsk\u00e1 str\u00e1nka\",\"item\":\"https:\/\/fmfc.sk\/\"},{\"@type\":\"ListItem\",\"position\":2,\"name\":\"\u041a\u041e\u041d\u0422\u0410\u041a\u0422\"}]},{\"@type\":\"WebSite\",\"@id\":\"https:\/\/fmfc.sk\/#website\",\"url\":\"https:\/\/fmfc.sk\/\",\"name\":\"FMF Consulting\",\"description\":\"ekonomika, financie, podnikate\u013esk\u00e9 pl\u00e1ny\",\"potentialAction\":[{\"@type\":\"SearchAction\",\"target\":{\"@type\":\"EntryPoint\",\"urlTemplate\":\"https:\/\/fmfc.sk\/?s={search_term_string}\"},\"query-input\":{\"@type\":\"PropertyValueSpecification\",\"valueRequired\":true,\"valueName\":\"search_term_string\"}}],\"inLanguage\":\"ru-RU\"}]}<\/script>\n<!-- \/ Yoast SEO plugin. -->","yoast_head_json":{"title":"\u041a\u041e\u041d\u0422\u0410\u041a\u0422 - FMF Consulting","robots":{"index":"index","follow":"follow","max-snippet":"max-snippet:-1","max-image-preview":"max-image-preview:large","max-video-preview":"max-video-preview:-1"},"canonical":"https:\/\/fmfc.sk\/ru\/kontakt\/","og_locale":"ru_RU","og_type":"article","og_title":"\u041a\u041e\u041d\u0422\u0410\u041a\u0422 - FMF Consulting","og_description":"\u042e\u0420\u0418\u0414\u0418\u0427\u0415\u0421\u041a\u0418\u0419 \u0410\u0414\u0420\u0415\u0421 \u041a\u041e\u041c\u041f\u0410\u041d\u0418\u0418: FMF\u00a0Consulting, s.r.o. Dru\u017estevn\u00e1 712\/2 962 12 Detva \u0422\u0435\u043b.: +421 908 961 289 \u042d\u043b. \u043f\u043e\u0447\u0442\u0430: fekiac@fmfc.sk","og_url":"https:\/\/fmfc.sk\/ru\/kontakt\/","og_site_name":"FMF Consulting","article_modified_time":"2016-12-14T11:46:37+00:00","schema":{"@context":"https:\/\/schema.org","@graph":[{"@type":"WebPage","@id":"https:\/\/fmfc.sk\/ru\/kontakt\/","url":"https:\/\/fmfc.sk\/ru\/kontakt\/","name":"\u041a\u041e\u041d\u0422\u0410\u041a\u0422 - FMF Consulting","isPartOf":{"@id":"https:\/\/fmfc.sk\/#website"},"datePublished":"2016-12-14T09:46:54+00:00","dateModified":"2016-12-14T11:46:37+00:00","breadcrumb":{"@id":"https:\/\/fmfc.sk\/ru\/kontakt\/#breadcrumb"},"inLanguage":"ru-RU","potentialAction":[{"@type":"ReadAction","target":["https:\/\/fmfc.sk\/ru\/kontakt\/"]}]},{"@type":"BreadcrumbList","@id":"https:\/\/fmfc.sk\/ru\/kontakt\/#breadcrumb","itemListElement":[{"@type":"ListItem","position":1,"name":"Domovsk\u00e1 str\u00e1nka","item":"https:\/\/fmfc.sk\/"},{"@type":"ListItem","position":2,"name":"\u041a\u041e\u041d\u0422\u0410\u041a\u0422"}]},{"@type":"WebSite","@id":"https:\/\/fmfc.sk\/#website","url":"https:\/\/fmfc.sk\/","name":"FMF Consulting","description":"ekonomika, financie, podnikate\u013esk\u00e9 pl\u00e1ny","potentialAction":[{"@type":"SearchAction","target":{"@type":"EntryPoint","urlTemplate":"https:\/\/fmfc.sk\/?s={search_term_string}"},"query-input":{"@type":"PropertyValueSpecification","valueRequired":true,"valueName":"search_term_string"}}],"inLanguage":"ru-RU"}]}},"_links":{"self":[{"href":"https:\/\/fmfc.sk\/ru\/wp-json\/wp\/v2\/pages\/223"}],"collection":[{"href":"https:\/\/fmfc.sk\/ru\/wp-json\/wp\/v2\/pages"}],"about":[{"href":"https:\/\/fmfc.sk\/ru\/wp-json\/wp\/v2\/types\/page"}],"author":[{"embeddable":true,"href":"https:\/\/fmfc.sk\/ru\/wp-json\/wp\/v2\/users\/2"}],"replies":[{"embeddable":true,"href":"https:\/\/fmfc.sk\/ru\/wp-json\/wp\/v2\/comments?post=223"}],"version-history":[{"count":3,"href":"https:\/\/fmfc.sk\/ru\/wp-json\/wp\/v2\/pages\/223\/revisions"}],"predecessor-version":[{"id":251,"href":"https:\/\/fmfc.sk\/ru\/wp-json\/wp\/v2\/pages\/223\/revisions\/251"}],"wp:attachment":[{"href":"https:\/\/fmfc.sk\/ru\/wp-json\/wp\/v2\/media?parent=223"}],"curies":[{"name":"wp","href":"https:\/\/api.w.org\/{rel}","templated":true}]}}